{"id":1485,"date":"2020-04-27T09:34:41","date_gmt":"2020-04-27T07:34:41","guid":{"rendered":"https:\/\/www.rnumerique.fr\/?page_id=1485"},"modified":"2025-08-20T03:47:54","modified_gmt":"2025-08-20T01:47:54","slug":"conseil-achat-ordinateur","status":"publish","type":"page","link":"https:\/\/www.rnumerique.fr\/index.php\/conseil-achat-ordinateur\/","title":{"rendered":"Conseil Achat Ordinateur"},"content":{"rendered":"<p>[vc_row][vc_column width=\u00a0\u00bb1\/2&Prime;][vc_single_image image=\u00a0\u00bb27&Prime; img_size=\u00a0\u00bblarge\u00a0\u00bb alignment=\u00a0\u00bbcenter\u00a0\u00bb css_animation=\u00a0\u00bbfadeInLeft\u00a0\u00bb][\/vc_column][vc_column width=\u00a0\u00bb1\/2&Prime;][vc_column_text css_animation=\u00a0\u00bbfadeInRight\u00a0\u00bb]<\/p>\n<p class=\"my-2 [&amp;+p]:mt-4 [&amp;_strong:has(+br)]:inline-block [&amp;_strong:has(+br)]:pb-2\">Vous voulez vous lancer et acheter un ordinateur, car aujourd\u2019hui la plupart des services passent par internet.<br \/>\nOu bien vous souhaitez remplacer votre ancien PC par un mod\u00e8le plus r\u00e9cent.<\/p>\n<p class=\"my-2 [&amp;+p]:mt-4 [&amp;_strong:has(+br)]:inline-block [&amp;_strong:has(+br)]:pb-2\">\u27a1\ufe0f Avant tout, gardez en t\u00eate qu\u2019un ordinateur jug\u00e9 \u201ctrop lent\u201d n\u2019est pas forc\u00e9ment \u00e0 jeter : parfois, une simple v\u00e9rification permet de savoir si un remplacement est vraiment n\u00e9cessaire. Vous pouvez me contacter pour en discuter.<\/p>\n<p class=\"my-2 [&amp;+p]:mt-4 [&amp;_strong:has(+br)]:inline-block [&amp;_strong:has(+br)]:pb-2\">Vous avez rep\u00e9r\u00e9 une promotion int\u00e9ressante sur un ordinateur Asus, HP ou autre ? Attention \u00e0 ne pas vous pr\u00e9cipiter.<\/p>\n<ul class=\"marker:text-quiet list-disc\">\n<li class=\"py-0 my-0 prose-p:pt-0 prose-p:mb-2 prose-p:my-0 [&amp;&gt;p]:pt-0 [&amp;&gt;p]:mb-2 [&amp;&gt;p]:my-0\">\n<p class=\"my-2 [&amp;+p]:mt-4 [&amp;_strong:has(+br)]:inline-block [&amp;_strong:has(+br)]:pb-2\">Un prix bas peut parfois cacher un mod\u00e8le peu performant,<\/p>\n<\/li>\n<li class=\"py-0 my-0 prose-p:pt-0 prose-p:mb-2 prose-p:my-0 [&amp;&gt;p]:pt-0 [&amp;&gt;p]:mb-2 [&amp;&gt;p]:my-0\">\n<p class=\"my-2 [&amp;+p]:mt-4 [&amp;_strong:has(+br)]:inline-block [&amp;_strong:has(+br)]:pb-2\">\u00c0 l\u2019inverse, acheter le plus cher ne garantit pas qu\u2019il soit adapt\u00e9 \u00e0 vos besoins.<\/p>\n<\/li>\n<\/ul>\n<p class=\"my-2 [&amp;+p]:mt-4 [&amp;_strong:has(+br)]:inline-block [&amp;_strong:has(+br)]:pb-2\">Entre les caract\u00e9ristiques techniques (processeur, RAM, disque, etc.), il est normal de s\u2019y perdre.<\/p>\n<p class=\"my-2 [&amp;+p]:mt-4 [&amp;_strong:has(+br)]:inline-block [&amp;_strong:has(+br)]:pb-2\">\ud83d\udc49 C\u2019est l\u00e0 que j\u2019interviens :<\/p>\n<ul class=\"marker:text-quiet list-disc\">\n<li class=\"py-0 my-0 prose-p:pt-0 prose-p:mb-2 prose-p:my-0 [&amp;&gt;p]:pt-0 [&amp;&gt;p]:mb-2 [&amp;&gt;p]:my-0\">\n<p class=\"my-2 [&amp;+p]:mt-4 [&amp;_strong:has(+br)]:inline-block [&amp;_strong:has(+br)]:pb-2\">je vous aide \u00e0 d\u00e9crypter les offres,<\/p>\n<\/li>\n<li class=\"py-0 my-0 prose-p:pt-0 prose-p:mb-2 prose-p:my-0 [&amp;&gt;p]:pt-0 [&amp;&gt;p]:mb-2 [&amp;&gt;p]:my-0\">\n<p class=\"my-2 [&amp;+p]:mt-4 [&amp;_strong:has(+br)]:inline-block [&amp;_strong:has(+br)]:pb-2\">je vous conseille pour trouver le meilleur rapport qualit\u00e9\/prix en fonction de votre usage (bureautique, internet, photos, etc.),<\/p>\n<\/li>\n<li class=\"py-0 my-0 prose-p:pt-0 prose-p:mb-2 prose-p:my-0 [&amp;&gt;p]:pt-0 [&amp;&gt;p]:mb-2 [&amp;&gt;p]:my-0\">\n<p class=\"my-2 [&amp;+p]:mt-4 [&amp;_strong:has(+br)]:inline-block [&amp;_strong:has(+br)]:pb-2\">je configure ensuite votre nouvel ordinateur pour qu\u2019il r\u00e9ponde parfaitement \u00e0 vos attentes.<\/p>\n<\/li>\n<\/ul>\n<p class=\"my-2 [&amp;+p]:mt-4 [&amp;_strong:has(+br)]:inline-block [&amp;_strong:has(+br)]:pb-2\">\u26a0\ufe0f Ce service d\u2019accompagnement est <strong>personnalis\u00e9 et payant<\/strong> : il vous permet d\u2019\u00e9viter les mauvaises surprises et de faire le bon choix d\u00e8s le d\u00e9part.<\/p>\n<p>[\/vc_column_text][\/vc_column][\/vc_row]<\/p>\n","protected":false},"excerpt":{"rendered":"<p>[vc_row][vc_column width=\u00a0\u00bb1\/2&Prime;][vc_single_image image=\u00a0\u00bb27&Prime; img_size=\u00a0\u00bblarge\u00a0\u00bb alignment=\u00a0\u00bbcenter\u00a0\u00bb css_animation=\u00a0\u00bbfadeInLeft\u00a0\u00bb][\/vc_column][vc_column width=\u00a0\u00bb1\/2&Prime;][vc_column_text css_animation=\u00a0\u00bbfadeInRight\u00a0\u00bb] Vous voulez vous lancer et acheter un ordinateur, car aujourd\u2019hui la plupart des services passent par internet. Ou bien vous souhaitez remplacer votre ancien PC par un mod\u00e8le plus r\u00e9cent. \u27a1\ufe0f Avant tout, gardez en t\u00eate qu\u2019un ordinateur jug\u00e9 \u201ctrop lent\u201d n\u2019est pas forc\u00e9ment \u00e0 jeter : [&hellip;]<\/p>\n","protected":false},"author":1,"featured_media":0,"parent":0,"menu_order":0,"comment_status":"closed","ping_status":"closed","template":"","meta":{"footnotes":""},"yoast_head":"<!-- This site is optimized with the Yoast SEO plugin v21.6 - https:\/\/yoast.com\/wordpress\/plugins\/seo\/ -->\n<title>Conseil Achat Ordinateur - R Numerique<\/title>\n<meta name=\"robots\" content=\"index, follow, max-snippet:-1, max-image-preview:large, max-video-preview:-1\" \/>\n<link rel=\"canonical\" href=\"https:\/\/www.rnumerique.fr\/index.php\/conseil-achat-ordinateur\/\" \/>\n<meta property=\"og:locale\" content=\"fr_FR\" \/>\n<meta property=\"og:type\" content=\"article\" \/>\n<meta property=\"og:title\" content=\"Conseil Achat Ordinateur - R Numerique\" \/>\n<meta property=\"og:description\" content=\"[vc_row][vc_column width=\u00a0\u00bb1\/2&Prime;][vc_single_image image=\u00a0\u00bb27&Prime; img_size=\u00a0\u00bblarge\u00a0\u00bb alignment=\u00a0\u00bbcenter\u00a0\u00bb css_animation=\u00a0\u00bbfadeInLeft\u00a0\u00bb][\/vc_column][vc_column width=\u00a0\u00bb1\/2&Prime;][vc_column_text css_animation=\u00a0\u00bbfadeInRight\u00a0\u00bb] Vous voulez vous lancer et acheter un ordinateur, car aujourd\u2019hui la plupart des services passent par internet. Ou bien vous souhaitez remplacer votre ancien PC par un mod\u00e8le plus r\u00e9cent. \u27a1\ufe0f Avant tout, gardez en t\u00eate qu\u2019un ordinateur jug\u00e9 \u201ctrop lent\u201d n\u2019est pas forc\u00e9ment \u00e0 jeter : [&hellip;]\" \/>\n<meta property=\"og:url\" content=\"https:\/\/www.rnumerique.fr\/index.php\/conseil-achat-ordinateur\/\" \/>\n<meta property=\"og:site_name\" content=\"R Numerique\" \/>\n<meta property=\"article:modified_time\" content=\"2025-08-20T01:47:54+00:00\" \/>\n<meta name=\"twitter:card\" content=\"summary_large_image\" \/>\n<meta name=\"twitter:label1\" content=\"Dur\u00e9e de lecture estim\u00e9e\" \/>\n\t<meta name=\"twitter:data1\" content=\"2 minutes\" \/>\n<script type=\"application\/ld+json\" class=\"yoast-schema-graph\">{\"@context\":\"https:\/\/schema.org\",\"@graph\":[{\"@type\":\"WebPage\",\"@id\":\"https:\/\/www.rnumerique.fr\/index.php\/conseil-achat-ordinateur\/\",\"url\":\"https:\/\/www.rnumerique.fr\/index.php\/conseil-achat-ordinateur\/\",\"name\":\"Conseil Achat Ordinateur - R Numerique\",\"isPartOf\":{\"@id\":\"https:\/\/www.rnumerique.fr\/#website\"},\"datePublished\":\"2020-04-27T07:34:41+00:00\",\"dateModified\":\"2025-08-20T01:47:54+00:00\",\"breadcrumb\":{\"@id\":\"https:\/\/www.rnumerique.fr\/index.php\/conseil-achat-ordinateur\/#breadcrumb\"},\"inLanguage\":\"fr-FR\",\"potentialAction\":[{\"@type\":\"ReadAction\",\"target\":[\"https:\/\/www.rnumerique.fr\/index.php\/conseil-achat-ordinateur\/\"]}]},{\"@type\":\"BreadcrumbList\",\"@id\":\"https:\/\/www.rnumerique.fr\/index.php\/conseil-achat-ordinateur\/#breadcrumb\",\"itemListElement\":[{\"@type\":\"ListItem\",\"position\":1,\"name\":\"Home\",\"item\":\"https:\/\/www.rnumerique.fr\/\"},{\"@type\":\"ListItem\",\"position\":2,\"name\":\"Conseil Achat Ordinateur\"}]},{\"@type\":\"WebSite\",\"@id\":\"https:\/\/www.rnumerique.fr\/#website\",\"url\":\"https:\/\/www.rnumerique.fr\/\",\"name\":\"R Numerique\",\"description\":\"R\u00e9paration Ordinateur Valence\",\"potentialAction\":[{\"@type\":\"SearchAction\",\"target\":{\"@type\":\"EntryPoint\",\"urlTemplate\":\"https:\/\/www.rnumerique.fr\/?s={search_term_string}\"},\"query-input\":\"required name=search_term_string\"}],\"inLanguage\":\"fr-FR\"}]}<\/script>\n<!-- \/ Yoast SEO plugin. -->","yoast_head_json":{"title":"Conseil Achat Ordinateur - R Numerique","robots":{"index":"index","follow":"follow","max-snippet":"max-snippet:-1","max-image-preview":"max-image-preview:large","max-video-preview":"max-video-preview:-1"},"canonical":"https:\/\/www.rnumerique.fr\/index.php\/conseil-achat-ordinateur\/","og_locale":"fr_FR","og_type":"article","og_title":"Conseil Achat Ordinateur - R Numerique","og_description":"[vc_row][vc_column width=\u00a0\u00bb1\/2&Prime;][vc_single_image image=\u00a0\u00bb27&Prime; img_size=\u00a0\u00bblarge\u00a0\u00bb alignment=\u00a0\u00bbcenter\u00a0\u00bb css_animation=\u00a0\u00bbfadeInLeft\u00a0\u00bb][\/vc_column][vc_column width=\u00a0\u00bb1\/2&Prime;][vc_column_text css_animation=\u00a0\u00bbfadeInRight\u00a0\u00bb] Vous voulez vous lancer et acheter un ordinateur, car aujourd\u2019hui la plupart des services passent par internet. Ou bien vous souhaitez remplacer votre ancien PC par un mod\u00e8le plus r\u00e9cent. \u27a1\ufe0f Avant tout, gardez en t\u00eate qu\u2019un ordinateur jug\u00e9 \u201ctrop lent\u201d n\u2019est pas forc\u00e9ment \u00e0 jeter : [&hellip;]","og_url":"https:\/\/www.rnumerique.fr\/index.php\/conseil-achat-ordinateur\/","og_site_name":"R Numerique","article_modified_time":"2025-08-20T01:47:54+00:00","twitter_card":"summary_large_image","twitter_misc":{"Dur\u00e9e de lecture estim\u00e9e":"2 minutes"},"schema":{"@context":"https:\/\/schema.org","@graph":[{"@type":"WebPage","@id":"https:\/\/www.rnumerique.fr\/index.php\/conseil-achat-ordinateur\/","url":"https:\/\/www.rnumerique.fr\/index.php\/conseil-achat-ordinateur\/","name":"Conseil Achat Ordinateur - R Numerique","isPartOf":{"@id":"https:\/\/www.rnumerique.fr\/#website"},"datePublished":"2020-04-27T07:34:41+00:00","dateModified":"2025-08-20T01:47:54+00:00","breadcrumb":{"@id":"https:\/\/www.rnumerique.fr\/index.php\/conseil-achat-ordinateur\/#breadcrumb"},"inLanguage":"fr-FR","potentialAction":[{"@type":"ReadAction","target":["https:\/\/www.rnumerique.fr\/index.php\/conseil-achat-ordinateur\/"]}]},{"@type":"BreadcrumbList","@id":"https:\/\/www.rnumerique.fr\/index.php\/conseil-achat-ordinateur\/#breadcrumb","itemListElement":[{"@type":"ListItem","position":1,"name":"Home","item":"https:\/\/www.rnumerique.fr\/"},{"@type":"ListItem","position":2,"name":"Conseil Achat Ordinateur"}]},{"@type":"WebSite","@id":"https:\/\/www.rnumerique.fr\/#website","url":"https:\/\/www.rnumerique.fr\/","name":"R Numerique","description":"R\u00e9paration Ordinateur Valence","potentialAction":[{"@type":"SearchAction","target":{"@type":"EntryPoint","urlTemplate":"https:\/\/www.rnumerique.fr\/?s={search_term_string}"},"query-input":"required name=search_term_string"}],"inLanguage":"fr-FR"}]}},"_links":{"self":[{"href":"https:\/\/www.rnumerique.fr\/index.php\/wp-json\/wp\/v2\/pages\/1485"}],"collection":[{"href":"https:\/\/www.rnumerique.fr\/index.php\/wp-json\/wp\/v2\/pages"}],"about":[{"href":"https:\/\/www.rnumerique.fr\/index.php\/wp-json\/wp\/v2\/types\/page"}],"author":[{"embeddable":true,"href":"https:\/\/www.rnumerique.fr\/index.php\/wp-json\/wp\/v2\/users\/1"}],"replies":[{"embeddable":true,"href":"https:\/\/www.rnumerique.fr\/index.php\/wp-json\/wp\/v2\/comments?post=1485"}],"version-history":[{"count":17,"href":"https:\/\/www.rnumerique.fr\/index.php\/wp-json\/wp\/v2\/pages\/1485\/revisions"}],"predecessor-version":[{"id":1689,"href":"https:\/\/www.rnumerique.fr\/index.php\/wp-json\/wp\/v2\/pages\/1485\/revisions\/1689"}],"wp:attachment":[{"href":"https:\/\/www.rnumerique.fr\/index.php\/wp-json\/wp\/v2\/media?parent=1485"}],"curies":[{"name":"wp","href":"https:\/\/api.w.org\/{rel}","templated":true}]}}