{"id":1509,"date":"2020-04-27T12:26:43","date_gmt":"2020-04-27T10:26:43","guid":{"rendered":"https:\/\/www.rnumerique.fr\/?page_id=1509"},"modified":"2020-04-27T12:27:50","modified_gmt":"2020-04-27T10:27:50","slug":"1509-2","status":"publish","type":"page","link":"https:\/\/www.rnumerique.fr\/index.php\/1509-2\/","title":{"rendered":"Professionnels"},"content":{"rendered":"\n<div class=\"wp-block-media-text alignwide is-stacked-on-mobile is-vertically-aligned-top\" style=\"grid-template-columns:36% auto\"><figure class=\"wp-block-media-text__media\"><img loading=\"lazy\" decoding=\"async\" width=\"271\" height=\"157\" src=\"https:\/\/www.rnumerique.fr\/wp-content\/uploads\/2017\/03\/blog-post-popular-02.jpg\" alt=\"\" class=\"wp-image-44\" srcset=\"https:\/\/www.rnumerique.fr\/wp-content\/uploads\/2017\/03\/blog-post-popular-02.jpg 271w, https:\/\/www.rnumerique.fr\/wp-content\/uploads\/2017\/03\/blog-post-popular-02-270x156.jpg 270w\" sizes=\"(max-width: 271px) 100vw, 271px\" \/><\/figure><div class=\"wp-block-media-text__content\">\n<p>Mes clients professionnels cherchent des solutions informatiques fiables et adapt\u00e9es \u00e0 leurs activit\u00e9s, paysagistes, architectes, professeurs, m\u00e9decins&#8230; quelque soit votre profession, je chercherai la configuration la mieux adapt\u00e9e \u00e0 votre demande.<\/p>\n\n\n\n<p>Je suis \u00e0 votre \u00e9coute pour vous fournir des technologies qui am\u00e9lioreront votre r\u00e9seau et qui faciliteront votre travail.<\/p>\n\n\n\n<p>Si vous rencontrez des difficult\u00e9s, vous pouvez m\u2019appeler, je ferai de mon mieux pour me rendre disponible dans les plus brefs d\u00e9lais.<\/p>\n<\/div><\/div>\n","protected":false},"excerpt":{"rendered":"<p>Mes clients professionnels cherchent des solutions informatiques fiables et adapt\u00e9es \u00e0 leurs activit\u00e9s, paysagistes, architectes, professeurs, m\u00e9decins&#8230; quelque soit votre profession, je chercherai la configuration la mieux adapt\u00e9e \u00e0 votre demande. Je suis \u00e0 votre \u00e9coute pour vous fournir des technologies qui am\u00e9lioreront votre r\u00e9seau et qui faciliteront votre travail. Si vous rencontrez des difficult\u00e9s, [&hellip;]<\/p>\n","protected":false},"author":1,"featured_media":0,"parent":0,"menu_order":0,"comment_status":"closed","ping_status":"closed","template":"","meta":{"footnotes":""},"yoast_head":"<!-- This site is optimized with the Yoast SEO plugin v21.6 - https:\/\/yoast.com\/wordpress\/plugins\/seo\/ -->\n<title>Professionnels - R Numerique<\/title>\n<meta name=\"robots\" content=\"index, follow, max-snippet:-1, max-image-preview:large, max-video-preview:-1\" \/>\n<link rel=\"canonical\" href=\"https:\/\/www.rnumerique.fr\/index.php\/1509-2\/\" \/>\n<meta property=\"og:locale\" content=\"fr_FR\" \/>\n<meta property=\"og:type\" content=\"article\" \/>\n<meta property=\"og:title\" content=\"Professionnels - R Numerique\" \/>\n<meta property=\"og:description\" content=\"Mes clients professionnels cherchent des solutions informatiques fiables et adapt\u00e9es \u00e0 leurs activit\u00e9s, paysagistes, architectes, professeurs, m\u00e9decins&#8230; quelque soit votre profession, je chercherai la configuration la mieux adapt\u00e9e \u00e0 votre demande. Je suis \u00e0 votre \u00e9coute pour vous fournir des technologies qui am\u00e9lioreront votre r\u00e9seau et qui faciliteront votre travail. Si vous rencontrez des difficult\u00e9s, [&hellip;]\" \/>\n<meta property=\"og:url\" content=\"https:\/\/www.rnumerique.fr\/index.php\/1509-2\/\" \/>\n<meta property=\"og:site_name\" content=\"R Numerique\" \/>\n<meta property=\"article:modified_time\" content=\"2020-04-27T10:27:50+00:00\" \/>\n<meta property=\"og:image\" content=\"https:\/\/www.rnumerique.fr\/wp-content\/uploads\/2017\/03\/blog-post-popular-02.jpg\" \/>\n<meta name=\"twitter:card\" content=\"summary_large_image\" \/>\n<script type=\"application\/ld+json\" class=\"yoast-schema-graph\">{\"@context\":\"https:\/\/schema.org\",\"@graph\":[{\"@type\":\"WebPage\",\"@id\":\"https:\/\/www.rnumerique.fr\/index.php\/1509-2\/\",\"url\":\"https:\/\/www.rnumerique.fr\/index.php\/1509-2\/\",\"name\":\"Professionnels - R Numerique\",\"isPartOf\":{\"@id\":\"https:\/\/www.rnumerique.fr\/#website\"},\"datePublished\":\"2020-04-27T10:26:43+00:00\",\"dateModified\":\"2020-04-27T10:27:50+00:00\",\"breadcrumb\":{\"@id\":\"https:\/\/www.rnumerique.fr\/index.php\/1509-2\/#breadcrumb\"},\"inLanguage\":\"fr-FR\",\"potentialAction\":[{\"@type\":\"ReadAction\",\"target\":[\"https:\/\/www.rnumerique.fr\/index.php\/1509-2\/\"]}]},{\"@type\":\"BreadcrumbList\",\"@id\":\"https:\/\/www.rnumerique.fr\/index.php\/1509-2\/#breadcrumb\",\"itemListElement\":[{\"@type\":\"ListItem\",\"position\":1,\"name\":\"Home\",\"item\":\"https:\/\/www.rnumerique.fr\/\"},{\"@type\":\"ListItem\",\"position\":2,\"name\":\"Professionnels\"}]},{\"@type\":\"WebSite\",\"@id\":\"https:\/\/www.rnumerique.fr\/#website\",\"url\":\"https:\/\/www.rnumerique.fr\/\",\"name\":\"R Numerique\",\"description\":\"R\u00e9paration Ordinateur Valence\",\"potentialAction\":[{\"@type\":\"SearchAction\",\"target\":{\"@type\":\"EntryPoint\",\"urlTemplate\":\"https:\/\/www.rnumerique.fr\/?s={search_term_string}\"},\"query-input\":\"required name=search_term_string\"}],\"inLanguage\":\"fr-FR\"}]}<\/script>\n<!-- \/ Yoast SEO plugin. -->","yoast_head_json":{"title":"Professionnels - R Numerique","robots":{"index":"index","follow":"follow","max-snippet":"max-snippet:-1","max-image-preview":"max-image-preview:large","max-video-preview":"max-video-preview:-1"},"canonical":"https:\/\/www.rnumerique.fr\/index.php\/1509-2\/","og_locale":"fr_FR","og_type":"article","og_title":"Professionnels - R Numerique","og_description":"Mes clients professionnels cherchent des solutions informatiques fiables et adapt\u00e9es \u00e0 leurs activit\u00e9s, paysagistes, architectes, professeurs, m\u00e9decins&#8230; quelque soit votre profession, je chercherai la configuration la mieux adapt\u00e9e \u00e0 votre demande. Je suis \u00e0 votre \u00e9coute pour vous fournir des technologies qui am\u00e9lioreront votre r\u00e9seau et qui faciliteront votre travail. Si vous rencontrez des difficult\u00e9s, [&hellip;]","og_url":"https:\/\/www.rnumerique.fr\/index.php\/1509-2\/","og_site_name":"R Numerique","article_modified_time":"2020-04-27T10:27:50+00:00","og_image":[{"url":"https:\/\/www.rnumerique.fr\/wp-content\/uploads\/2017\/03\/blog-post-popular-02.jpg"}],"twitter_card":"summary_large_image","schema":{"@context":"https:\/\/schema.org","@graph":[{"@type":"WebPage","@id":"https:\/\/www.rnumerique.fr\/index.php\/1509-2\/","url":"https:\/\/www.rnumerique.fr\/index.php\/1509-2\/","name":"Professionnels - R Numerique","isPartOf":{"@id":"https:\/\/www.rnumerique.fr\/#website"},"datePublished":"2020-04-27T10:26:43+00:00","dateModified":"2020-04-27T10:27:50+00:00","breadcrumb":{"@id":"https:\/\/www.rnumerique.fr\/index.php\/1509-2\/#breadcrumb"},"inLanguage":"fr-FR","potentialAction":[{"@type":"ReadAction","target":["https:\/\/www.rnumerique.fr\/index.php\/1509-2\/"]}]},{"@type":"BreadcrumbList","@id":"https:\/\/www.rnumerique.fr\/index.php\/1509-2\/#breadcrumb","itemListElement":[{"@type":"ListItem","position":1,"name":"Home","item":"https:\/\/www.rnumerique.fr\/"},{"@type":"ListItem","position":2,"name":"Professionnels"}]},{"@type":"WebSite","@id":"https:\/\/www.rnumerique.fr\/#website","url":"https:\/\/www.rnumerique.fr\/","name":"R Numerique","description":"R\u00e9paration Ordinateur Valence","potentialAction":[{"@type":"SearchAction","target":{"@type":"EntryPoint","urlTemplate":"https:\/\/www.rnumerique.fr\/?s={search_term_string}"},"query-input":"required name=search_term_string"}],"inLanguage":"fr-FR"}]}},"_links":{"self":[{"href":"https:\/\/www.rnumerique.fr\/index.php\/wp-json\/wp\/v2\/pages\/1509"}],"collection":[{"href":"https:\/\/www.rnumerique.fr\/index.php\/wp-json\/wp\/v2\/pages"}],"about":[{"href":"https:\/\/www.rnumerique.fr\/index.php\/wp-json\/wp\/v2\/types\/page"}],"author":[{"embeddable":true,"href":"https:\/\/www.rnumerique.fr\/index.php\/wp-json\/wp\/v2\/users\/1"}],"replies":[{"embeddable":true,"href":"https:\/\/www.rnumerique.fr\/index.php\/wp-json\/wp\/v2\/comments?post=1509"}],"version-history":[{"count":3,"href":"https:\/\/www.rnumerique.fr\/index.php\/wp-json\/wp\/v2\/pages\/1509\/revisions"}],"predecessor-version":[{"id":1512,"href":"https:\/\/www.rnumerique.fr\/index.php\/wp-json\/wp\/v2\/pages\/1509\/revisions\/1512"}],"wp:attachment":[{"href":"https:\/\/www.rnumerique.fr\/index.php\/wp-json\/wp\/v2\/media?parent=1509"}],"curies":[{"name":"wp","href":"https:\/\/api.w.org\/{rel}","templated":true}]}}