{"id":1521,"date":"2020-04-28T09:05:26","date_gmt":"2020-04-28T07:05:26","guid":{"rendered":"https:\/\/www.rnumerique.fr\/?page_id=1521"},"modified":"2020-04-28T09:14:21","modified_gmt":"2020-04-28T07:14:21","slug":"conseil","status":"publish","type":"page","link":"https:\/\/www.rnumerique.fr\/index.php\/conseil\/","title":{"rendered":"Conseil Batterie"},"content":{"rendered":"\n<div class=\"wp-block-media-text alignwide is-stacked-on-mobile is-vertically-aligned-top\" style=\"grid-template-columns:32% auto\"><figure class=\"wp-block-media-text__media\"><img loading=\"lazy\" decoding=\"async\" width=\"271\" height=\"241\" src=\"https:\/\/www.rnumerique.fr\/wp-content\/uploads\/2017\/05\/img-service-3-4.jpg\" alt=\"\" class=\"wp-image-537\" srcset=\"https:\/\/www.rnumerique.fr\/wp-content\/uploads\/2017\/05\/img-service-3-4.jpg 271w, https:\/\/www.rnumerique.fr\/wp-content\/uploads\/2017\/05\/img-service-3-4-177x157.jpg 177w\" sizes=\"(max-width: 271px) 100vw, 271px\" \/><\/figure><div class=\"wp-block-media-text__content\">\n<p class=\"has-medium-font-size\">La batterie de mon ordinateur ne se charge plus\u2026<\/p>\n\n\n\n<p class=\"has-medium-font-size\">C\u2019est ce que l\u2019on me dit le plus souvent.<\/p>\n\n\n\n<p class=\"has-medium-font-size\">Je vais essayer de vous expliquer, comment \u00e9conomiser la batterie de votre ordinateur, <\/p>\n\n\n\n<p class=\"has-medium-font-size\">mais cela est aussi valable pour votre smartphone ou votre tablette, m\u00eame votre appareil photo ou votre console portable.<\/p>\n\n\n\n<p class=\"has-medium-font-size\">Lorsque vous achetez un ordinateur, vous \u00eates impatient de le sortir du carton et de l\u2019utiliser tout de suite.<\/p>\n\n\n\n<p class=\"has-medium-font-size\">Ce qu\u2019il faudra faire c\u2019est le charger \u00e0 100&nbsp;%.<\/p>\n\n\n\n<p class=\"has-medium-font-size\">Et ensuite vous servir de votre ordi sans chargeur, pour que la batterie se d\u00e9charge \u00e0 15&nbsp;%.<\/p>\n\n\n\n<p class=\"has-medium-font-size\">Cela va permettre de calibrer la batterie.<\/p>\n\n\n\n<p class=\"has-medium-font-size\">Apr\u00e8s il va falloir \u00e0 nouveau charger la batterie \u00e0 100&nbsp;%, ordi \u00e9teint.<\/p>\n\n\n\n<p class=\"has-medium-font-size\">Pour une bonne utilisation quotidienne, faire les 2 \u00e9tapes suivantes r\u00e9guli\u00e8rement&nbsp;:<\/p>\n\n\n\n<p class=\"has-medium-font-size\">1) Servez vous de votre ordi sans chargeur, jusqu\u2019\u00e0 ce que la batterie arrive \u00e0 50&nbsp;%.<\/p>\n\n\n\n<p class=\"has-medium-font-size\">2) Ensuite faites charger l\u2019ordi, jusqu\u2019\u00e0 70&nbsp;% ou 85&nbsp;% (g\u00e9n\u00e9ralement, il est pr\u00e9f\u00e9rable de laisser l\u2019ordi se charger en \u00e9tant \u00e9teint, environ 20 mns suffiront pour le charger de 15&nbsp;% ou 20&nbsp;%).<\/p>\n\n\n\n<p class=\"has-medium-font-size\">Cette m\u00e9thode va faire travailler votre batterie et \u00e9viter de la faire trop chauffer.<\/p>\n\n\n\n<p class=\"has-medium-font-size\">Mais 1 fois dans le mois, laissez la batterie se d\u00e9charger jusqu\u2019\u00e0 ce qu\u2019elle atteigne 15&nbsp;%, puis recharger \u00e0 100&nbsp;%.<\/p>\n\n\n\n<p class=\"has-medium-font-size\">Concernant le remplacement de la batterie par un mod\u00e8le g\u00e9n\u00e9rique, j\u2019ai eu plusieurs retours de clients qui ont \u00e9t\u00e9 d\u00e9\u00e7us car la nouvelle batterie a dur\u00e9e 6 mois ou 1 an\u2026<\/p>\n\n\n\n<p class=\"has-medium-font-size\">Pour ce qui est du chargeur, utilisez bien celui d\u2019origine et rangez le c\u00e2ble soigneusement.<\/p>\n<\/div><\/div>\n","protected":false},"excerpt":{"rendered":"<p>La batterie de mon ordinateur ne se charge plus\u2026 C\u2019est ce que l\u2019on me dit le plus souvent. Je vais essayer de vous expliquer, comment \u00e9conomiser la batterie de votre ordinateur, mais cela est aussi valable pour votre smartphone ou votre tablette, m\u00eame votre appareil photo ou votre console portable. Lorsque vous achetez un ordinateur, [&hellip;]<\/p>\n","protected":false},"author":1,"featured_media":0,"parent":0,"menu_order":0,"comment_status":"closed","ping_status":"closed","template":"","meta":{"footnotes":""},"yoast_head":"<!-- This site is optimized with the Yoast SEO plugin v21.6 - https:\/\/yoast.com\/wordpress\/plugins\/seo\/ -->\n<title>Conseil Batterie - R Numerique<\/title>\n<meta name=\"robots\" content=\"index, follow, max-snippet:-1, max-image-preview:large, max-video-preview:-1\" \/>\n<link rel=\"canonical\" href=\"https:\/\/www.rnumerique.fr\/index.php\/conseil\/\" \/>\n<meta property=\"og:locale\" content=\"fr_FR\" \/>\n<meta property=\"og:type\" content=\"article\" \/>\n<meta property=\"og:title\" content=\"Conseil Batterie - R Numerique\" \/>\n<meta property=\"og:description\" content=\"La batterie de mon ordinateur ne se charge plus\u2026 C\u2019est ce que l\u2019on me dit le plus souvent. Je vais essayer de vous expliquer, comment \u00e9conomiser la batterie de votre ordinateur, mais cela est aussi valable pour votre smartphone ou votre tablette, m\u00eame votre appareil photo ou votre console portable. Lorsque vous achetez un ordinateur, [&hellip;]\" \/>\n<meta property=\"og:url\" content=\"https:\/\/www.rnumerique.fr\/index.php\/conseil\/\" \/>\n<meta property=\"og:site_name\" content=\"R Numerique\" \/>\n<meta property=\"article:modified_time\" content=\"2020-04-28T07:14:21+00:00\" \/>\n<meta property=\"og:image\" content=\"https:\/\/www.rnumerique.fr\/wp-content\/uploads\/2017\/05\/img-service-3-4.jpg\" \/>\n<meta name=\"twitter:card\" content=\"summary_large_image\" \/>\n<meta name=\"twitter:label1\" content=\"Dur\u00e9e de lecture estim\u00e9e\" \/>\n\t<meta name=\"twitter:data1\" content=\"1 minute\" \/>\n<script type=\"application\/ld+json\" class=\"yoast-schema-graph\">{\"@context\":\"https:\/\/schema.org\",\"@graph\":[{\"@type\":\"WebPage\",\"@id\":\"https:\/\/www.rnumerique.fr\/index.php\/conseil\/\",\"url\":\"https:\/\/www.rnumerique.fr\/index.php\/conseil\/\",\"name\":\"Conseil Batterie - R Numerique\",\"isPartOf\":{\"@id\":\"https:\/\/www.rnumerique.fr\/#website\"},\"datePublished\":\"2020-04-28T07:05:26+00:00\",\"dateModified\":\"2020-04-28T07:14:21+00:00\",\"breadcrumb\":{\"@id\":\"https:\/\/www.rnumerique.fr\/index.php\/conseil\/#breadcrumb\"},\"inLanguage\":\"fr-FR\",\"potentialAction\":[{\"@type\":\"ReadAction\",\"target\":[\"https:\/\/www.rnumerique.fr\/index.php\/conseil\/\"]}]},{\"@type\":\"BreadcrumbList\",\"@id\":\"https:\/\/www.rnumerique.fr\/index.php\/conseil\/#breadcrumb\",\"itemListElement\":[{\"@type\":\"ListItem\",\"position\":1,\"name\":\"Home\",\"item\":\"https:\/\/www.rnumerique.fr\/\"},{\"@type\":\"ListItem\",\"position\":2,\"name\":\"Conseil Batterie\"}]},{\"@type\":\"WebSite\",\"@id\":\"https:\/\/www.rnumerique.fr\/#website\",\"url\":\"https:\/\/www.rnumerique.fr\/\",\"name\":\"R Numerique\",\"description\":\"R\u00e9paration Ordinateur Valence\",\"potentialAction\":[{\"@type\":\"SearchAction\",\"target\":{\"@type\":\"EntryPoint\",\"urlTemplate\":\"https:\/\/www.rnumerique.fr\/?s={search_term_string}\"},\"query-input\":\"required name=search_term_string\"}],\"inLanguage\":\"fr-FR\"}]}<\/script>\n<!-- \/ Yoast SEO plugin. -->","yoast_head_json":{"title":"Conseil Batterie - R Numerique","robots":{"index":"index","follow":"follow","max-snippet":"max-snippet:-1","max-image-preview":"max-image-preview:large","max-video-preview":"max-video-preview:-1"},"canonical":"https:\/\/www.rnumerique.fr\/index.php\/conseil\/","og_locale":"fr_FR","og_type":"article","og_title":"Conseil Batterie - R Numerique","og_description":"La batterie de mon ordinateur ne se charge plus\u2026 C\u2019est ce que l\u2019on me dit le plus souvent. Je vais essayer de vous expliquer, comment \u00e9conomiser la batterie de votre ordinateur, mais cela est aussi valable pour votre smartphone ou votre tablette, m\u00eame votre appareil photo ou votre console portable. Lorsque vous achetez un ordinateur, [&hellip;]","og_url":"https:\/\/www.rnumerique.fr\/index.php\/conseil\/","og_site_name":"R Numerique","article_modified_time":"2020-04-28T07:14:21+00:00","og_image":[{"url":"https:\/\/www.rnumerique.fr\/wp-content\/uploads\/2017\/05\/img-service-3-4.jpg"}],"twitter_card":"summary_large_image","twitter_misc":{"Dur\u00e9e de lecture estim\u00e9e":"1 minute"},"schema":{"@context":"https:\/\/schema.org","@graph":[{"@type":"WebPage","@id":"https:\/\/www.rnumerique.fr\/index.php\/conseil\/","url":"https:\/\/www.rnumerique.fr\/index.php\/conseil\/","name":"Conseil Batterie - R Numerique","isPartOf":{"@id":"https:\/\/www.rnumerique.fr\/#website"},"datePublished":"2020-04-28T07:05:26+00:00","dateModified":"2020-04-28T07:14:21+00:00","breadcrumb":{"@id":"https:\/\/www.rnumerique.fr\/index.php\/conseil\/#breadcrumb"},"inLanguage":"fr-FR","potentialAction":[{"@type":"ReadAction","target":["https:\/\/www.rnumerique.fr\/index.php\/conseil\/"]}]},{"@type":"BreadcrumbList","@id":"https:\/\/www.rnumerique.fr\/index.php\/conseil\/#breadcrumb","itemListElement":[{"@type":"ListItem","position":1,"name":"Home","item":"https:\/\/www.rnumerique.fr\/"},{"@type":"ListItem","position":2,"name":"Conseil Batterie"}]},{"@type":"WebSite","@id":"https:\/\/www.rnumerique.fr\/#website","url":"https:\/\/www.rnumerique.fr\/","name":"R Numerique","description":"R\u00e9paration Ordinateur Valence","potentialAction":[{"@type":"SearchAction","target":{"@type":"EntryPoint","urlTemplate":"https:\/\/www.rnumerique.fr\/?s={search_term_string}"},"query-input":"required name=search_term_string"}],"inLanguage":"fr-FR"}]}},"_links":{"self":[{"href":"https:\/\/www.rnumerique.fr\/index.php\/wp-json\/wp\/v2\/pages\/1521"}],"collection":[{"href":"https:\/\/www.rnumerique.fr\/index.php\/wp-json\/wp\/v2\/pages"}],"about":[{"href":"https:\/\/www.rnumerique.fr\/index.php\/wp-json\/wp\/v2\/types\/page"}],"author":[{"embeddable":true,"href":"https:\/\/www.rnumerique.fr\/index.php\/wp-json\/wp\/v2\/users\/1"}],"replies":[{"embeddable":true,"href":"https:\/\/www.rnumerique.fr\/index.php\/wp-json\/wp\/v2\/comments?post=1521"}],"version-history":[{"count":6,"href":"https:\/\/www.rnumerique.fr\/index.php\/wp-json\/wp\/v2\/pages\/1521\/revisions"}],"predecessor-version":[{"id":1530,"href":"https:\/\/www.rnumerique.fr\/index.php\/wp-json\/wp\/v2\/pages\/1521\/revisions\/1530"}],"wp:attachment":[{"href":"https:\/\/www.rnumerique.fr\/index.php\/wp-json\/wp\/v2\/media?parent=1521"}],"curies":[{"name":"wp","href":"https:\/\/api.w.org\/{rel}","templated":true}]}}