{"id":1533,"date":"2020-05-01T11:02:50","date_gmt":"2020-05-01T09:02:50","guid":{"rendered":"https:\/\/www.rnumerique.fr\/?page_id=1533"},"modified":"2025-08-20T03:39:00","modified_gmt":"2025-08-20T01:39:00","slug":"conseils","status":"publish","type":"page","link":"https:\/\/www.rnumerique.fr\/index.php\/conseils\/","title":{"rendered":"Conseils"},"content":{"rendered":"<p>[vc_row][vc_column][vc_column_text]<\/p>\n<h1 class=\"h-lg text-center\">Conseils<\/h1>\n<p class=\"info text-center\">Quelques conseils pour se rep\u00e9rer dans l&rsquo;univers de l&rsquo;informatique.<\/p>\n<p>[\/vc_column_text][\/vc_column][\/vc_row][vc_row el_class=\u00a0\u00bbblock bottom-sm-1&Prime;][vc_column]            <div class=\"post-tips-carousel row\" >\r\n                         <div class=\"col-sm-4\">\r\n            <div class=\"post\">\r\n                <div class=\"image\">\r\n                                   <\/div>\r\n                <div class=\"inside\">\r\n                    <h4 class=\"title\">Ordinateurs anciens et non compatibles avec Windows 11<\/h4>\r\n                    <p><\/p>\r\n                    <a  href=\"https:\/\/www.rnumerique.fr\/index.php\/conseils\/ordinateurs-anciens-et-non-compatibles-avec-windows-11\/\" class=\"btn btn-xs\"><\/a>\r\n                <\/div>\r\n            <\/div>\r\n        <\/div>\r\n                 <div class=\"col-sm-4\">\r\n            <div class=\"post\">\r\n                <div class=\"image\">\r\n                                   <\/div>\r\n                <div class=\"inside\">\r\n                    <h4 class=\"title\">Continuer avec Windows 10 apr\u00e8s octobre 2025<\/h4>\r\n                    <p><\/p>\r\n                    <a  href=\"https:\/\/www.rnumerique.fr\/index.php\/conseils\/continuer-avec-windows-10-apres-octobre-2025\/\" class=\"btn btn-xs\"><\/a>\r\n                <\/div>\r\n            <\/div>\r\n        <\/div>\r\n                 <div class=\"col-sm-4\">\r\n            <div class=\"post\">\r\n                <div class=\"image\">\r\n                     <img decoding=\"async\" alt=\"Conseil Achat Ordinateur\" src=\"https:\/\/www.rnumerique.fr\/wp-content\/uploads\/2017\/03\/category-img-02.jpg\">                 <\/div>\r\n                <div class=\"inside\">\r\n                    <h4 class=\"title\">Conseil Achat Ordinateur<\/h4>\r\n                    <p>Vous voulez vous lancer et acheter un ordinateur parce qu\u2019aujourd\u2019hui la plupart des services passent par internet.Ou vous souhaitez changer d\u2019ordinateur pour prendre un mod\u00e8le plus r\u00e9cent.<\/p>\r\n                    <a  href=\"https:\/\/www.rnumerique.fr\/index.php\/conseil-achat-ordinateur\/\" class=\"btn btn-xs\">en savoir plus<\/a>\r\n                <\/div>\r\n            <\/div>\r\n        <\/div>\r\n                 <div class=\"col-sm-4\">\r\n            <div class=\"post\">\r\n                <div class=\"image\">\r\n                     <img decoding=\"async\" alt=\"Conseil Batterie\" src=\"https:\/\/www.rnumerique.fr\/wp-content\/uploads\/2017\/05\/img-service-3-4.jpg\">                 <\/div>\r\n                <div class=\"inside\">\r\n                    <h4 class=\"title\">Conseil Batterie<\/h4>\r\n                    <p>La batterie de mon ordinateur ne se charge plus\u2026C\u2019est ce que l\u2019on me dit le plus souvent.Je vais essayer de vous expliquer, comment \u00e9conomiser la batterie de votre ordinateur, <\/p>\r\n                    <a  href=\"https:\/\/www.rnumerique.fr\/index.php\/conseil\/\" class=\"btn btn-xs\">En savoir plus<\/a>\r\n                <\/div>\r\n            <\/div>\r\n        <\/div>\r\n                 <div class=\"col-sm-4\">\r\n            <div class=\"post\">\r\n                <div class=\"image\">\r\n                     <img decoding=\"async\" alt=\"Conseils pour Gamers\" src=\"https:\/\/www.rnumerique.fr\/wp-content\/uploads\/2022\/09\/conseils_gamers.jpg\">                 <\/div>\r\n                <div class=\"inside\">\r\n                    <h4 class=\"title\">Conseils pour Gamers<\/h4>\r\n                    <p>Cette page s\u2019adresse plus particuli\u00e8rement \u00e0 mes clients Gamers, qui souhaitent prendre soin de leur ordi.<\/p>\r\n                    <a  href=\"https:\/\/www.rnumerique.fr\/index.php\/conseils-pour-gamers\/\" class=\"btn btn-xs\">EN SAVOIR PLUS<\/a>\r\n                <\/div>\r\n            <\/div>\r\n        <\/div>\r\n                 <div class=\"col-sm-4\">\r\n            <div class=\"post\">\r\n                <div class=\"image\">\r\n                     <img decoding=\"async\" alt=\"Conseil mot de passe\" src=\"https:\/\/www.rnumerique.fr\/wp-content\/uploads\/2017\/03\/blog-post-popular-01.jpg\">                 <\/div>\r\n                <div class=\"inside\">\r\n                    <h4 class=\"title\">Conseil mot de passe<\/h4>\r\n                    <p>\u00ab Je ne connais pas mon mot de passe\u2026 \u00bb&lt;br \/&gt;\nBien souvent quand on me confie un ordinateur qui a eu un souci important au niveau du syst\u00e8me, tous les mots de passe qui \u00e9taient m\u00e9moris\u00e9s pour internet sont perdus.&lt;br \/&gt;\nDans ce cas de figure, mes clients ne connaissent pas leur mot de passe car ils ne le notent jamais.<\/p>\r\n                    <a  href=\"https:\/\/www.rnumerique.fr\/index.php\/conseil-mot-de-passe\/\" class=\"btn btn-xs\">En savoir plus<\/a>\r\n                <\/div>\r\n            <\/div>\r\n        <\/div>\r\n                    <\/div>  \r\n        [\/vc_column][\/vc_row]<\/p>\n","protected":false},"excerpt":{"rendered":"<p>[vc_row][vc_column][vc_column_text] Conseils Quelques conseils pour se rep\u00e9rer dans l&rsquo;univers de l&rsquo;informatique. [\/vc_column_text][\/vc_column][\/vc_row][vc_row el_class=\u00a0\u00bbblock bottom-sm-1&Prime;][vc_column][\/vc_column][\/vc_row]<\/p>\n","protected":false},"author":1,"featured_media":0,"parent":0,"menu_order":0,"comment_status":"closed","ping_status":"closed","template":"","meta":{"footnotes":""},"yoast_head":"<!-- This site is optimized with the Yoast SEO plugin v21.6 - https:\/\/yoast.com\/wordpress\/plugins\/seo\/ -->\n<title>Conseils - R Numerique<\/title>\n<meta name=\"robots\" content=\"index, follow, max-snippet:-1, max-image-preview:large, max-video-preview:-1\" \/>\n<link rel=\"canonical\" href=\"https:\/\/www.rnumerique.fr\/index.php\/conseils\/\" \/>\n<meta property=\"og:locale\" content=\"fr_FR\" \/>\n<meta property=\"og:type\" content=\"article\" \/>\n<meta property=\"og:title\" content=\"Conseils - R Numerique\" \/>\n<meta property=\"og:description\" content=\"[vc_row][vc_column][vc_column_text] Conseils Quelques conseils pour se rep\u00e9rer dans l&rsquo;univers de l&rsquo;informatique. [\/vc_column_text][\/vc_column][\/vc_row][vc_row el_class=\u00a0\u00bbblock bottom-sm-1&Prime;][vc_column][\/vc_column][\/vc_row]\" \/>\n<meta property=\"og:url\" content=\"https:\/\/www.rnumerique.fr\/index.php\/conseils\/\" \/>\n<meta property=\"og:site_name\" content=\"R Numerique\" \/>\n<meta property=\"article:modified_time\" content=\"2025-08-20T01:39:00+00:00\" \/>\n<meta name=\"twitter:card\" content=\"summary_large_image\" \/>\n<meta name=\"twitter:label1\" content=\"Dur\u00e9e de lecture estim\u00e9e\" \/>\n\t<meta name=\"twitter:data1\" content=\"1 minute\" \/>\n<script type=\"application\/ld+json\" class=\"yoast-schema-graph\">{\"@context\":\"https:\/\/schema.org\",\"@graph\":[{\"@type\":\"WebPage\",\"@id\":\"https:\/\/www.rnumerique.fr\/index.php\/conseils\/\",\"url\":\"https:\/\/www.rnumerique.fr\/index.php\/conseils\/\",\"name\":\"Conseils - R Numerique\",\"isPartOf\":{\"@id\":\"https:\/\/www.rnumerique.fr\/#website\"},\"datePublished\":\"2020-05-01T09:02:50+00:00\",\"dateModified\":\"2025-08-20T01:39:00+00:00\",\"breadcrumb\":{\"@id\":\"https:\/\/www.rnumerique.fr\/index.php\/conseils\/#breadcrumb\"},\"inLanguage\":\"fr-FR\",\"potentialAction\":[{\"@type\":\"ReadAction\",\"target\":[\"https:\/\/www.rnumerique.fr\/index.php\/conseils\/\"]}]},{\"@type\":\"BreadcrumbList\",\"@id\":\"https:\/\/www.rnumerique.fr\/index.php\/conseils\/#breadcrumb\",\"itemListElement\":[{\"@type\":\"ListItem\",\"position\":1,\"name\":\"Home\",\"item\":\"https:\/\/www.rnumerique.fr\/\"},{\"@type\":\"ListItem\",\"position\":2,\"name\":\"Conseils\"}]},{\"@type\":\"WebSite\",\"@id\":\"https:\/\/www.rnumerique.fr\/#website\",\"url\":\"https:\/\/www.rnumerique.fr\/\",\"name\":\"R Numerique\",\"description\":\"R\u00e9paration Ordinateur Valence\",\"potentialAction\":[{\"@type\":\"SearchAction\",\"target\":{\"@type\":\"EntryPoint\",\"urlTemplate\":\"https:\/\/www.rnumerique.fr\/?s={search_term_string}\"},\"query-input\":\"required name=search_term_string\"}],\"inLanguage\":\"fr-FR\"}]}<\/script>\n<!-- \/ Yoast SEO plugin. -->","yoast_head_json":{"title":"Conseils - R Numerique","robots":{"index":"index","follow":"follow","max-snippet":"max-snippet:-1","max-image-preview":"max-image-preview:large","max-video-preview":"max-video-preview:-1"},"canonical":"https:\/\/www.rnumerique.fr\/index.php\/conseils\/","og_locale":"fr_FR","og_type":"article","og_title":"Conseils - R Numerique","og_description":"[vc_row][vc_column][vc_column_text] Conseils Quelques conseils pour se rep\u00e9rer dans l&rsquo;univers de l&rsquo;informatique. [\/vc_column_text][\/vc_column][\/vc_row][vc_row el_class=\u00a0\u00bbblock bottom-sm-1&Prime;][vc_column][\/vc_column][\/vc_row]","og_url":"https:\/\/www.rnumerique.fr\/index.php\/conseils\/","og_site_name":"R Numerique","article_modified_time":"2025-08-20T01:39:00+00:00","twitter_card":"summary_large_image","twitter_misc":{"Dur\u00e9e de lecture estim\u00e9e":"1 minute"},"schema":{"@context":"https:\/\/schema.org","@graph":[{"@type":"WebPage","@id":"https:\/\/www.rnumerique.fr\/index.php\/conseils\/","url":"https:\/\/www.rnumerique.fr\/index.php\/conseils\/","name":"Conseils - R Numerique","isPartOf":{"@id":"https:\/\/www.rnumerique.fr\/#website"},"datePublished":"2020-05-01T09:02:50+00:00","dateModified":"2025-08-20T01:39:00+00:00","breadcrumb":{"@id":"https:\/\/www.rnumerique.fr\/index.php\/conseils\/#breadcrumb"},"inLanguage":"fr-FR","potentialAction":[{"@type":"ReadAction","target":["https:\/\/www.rnumerique.fr\/index.php\/conseils\/"]}]},{"@type":"BreadcrumbList","@id":"https:\/\/www.rnumerique.fr\/index.php\/conseils\/#breadcrumb","itemListElement":[{"@type":"ListItem","position":1,"name":"Home","item":"https:\/\/www.rnumerique.fr\/"},{"@type":"ListItem","position":2,"name":"Conseils"}]},{"@type":"WebSite","@id":"https:\/\/www.rnumerique.fr\/#website","url":"https:\/\/www.rnumerique.fr\/","name":"R Numerique","description":"R\u00e9paration Ordinateur Valence","potentialAction":[{"@type":"SearchAction","target":{"@type":"EntryPoint","urlTemplate":"https:\/\/www.rnumerique.fr\/?s={search_term_string}"},"query-input":"required name=search_term_string"}],"inLanguage":"fr-FR"}]}},"_links":{"self":[{"href":"https:\/\/www.rnumerique.fr\/index.php\/wp-json\/wp\/v2\/pages\/1533"}],"collection":[{"href":"https:\/\/www.rnumerique.fr\/index.php\/wp-json\/wp\/v2\/pages"}],"about":[{"href":"https:\/\/www.rnumerique.fr\/index.php\/wp-json\/wp\/v2\/types\/page"}],"author":[{"embeddable":true,"href":"https:\/\/www.rnumerique.fr\/index.php\/wp-json\/wp\/v2\/users\/1"}],"replies":[{"embeddable":true,"href":"https:\/\/www.rnumerique.fr\/index.php\/wp-json\/wp\/v2\/comments?post=1533"}],"version-history":[{"count":23,"href":"https:\/\/www.rnumerique.fr\/index.php\/wp-json\/wp\/v2\/pages\/1533\/revisions"}],"predecessor-version":[{"id":1683,"href":"https:\/\/www.rnumerique.fr\/index.php\/wp-json\/wp\/v2\/pages\/1533\/revisions\/1683"}],"wp:attachment":[{"href":"https:\/\/www.rnumerique.fr\/index.php\/wp-json\/wp\/v2\/media?parent=1533"}],"curies":[{"name":"wp","href":"https:\/\/api.w.org\/{rel}","templated":true}]}}