{"id":1669,"date":"2025-08-20T03:19:47","date_gmt":"2025-08-20T01:19:47","guid":{"rendered":"https:\/\/www.rnumerique.fr\/?page_id=1669"},"modified":"2025-08-20T03:19:48","modified_gmt":"2025-08-20T01:19:48","slug":"continuer-avec-windows-10-apres-octobre-2025","status":"publish","type":"page","link":"https:\/\/www.rnumerique.fr\/index.php\/conseils\/continuer-avec-windows-10-apres-octobre-2025\/","title":{"rendered":"Continuer avec Windows 10 apr\u00e8s octobre 2025"},"content":{"rendered":"\n<p>Certains d\u2019entre vous sont satisfaits de leur <strong>ordinateur actuel sous Windows 10<\/strong>, qui reste suffisamment rapide et r\u00e9pond encore \u00e0 vos besoins quotidiens. M\u00eame apr\u00e8s l\u2019arr\u00eat du support de Windows 10 en octobre 2025, il sera possible de continuer \u00e0 l\u2019utiliser.<\/p>\n\n\n\n<p>Cependant, il est important de garder \u00e0 l\u2019esprit que :<\/p>\n\n\n\n<ul>\n<li>Microsoft ne publiera plus de mises \u00e0 jour de s\u00e9curit\u00e9.<\/li>\n\n\n\n<li>Cela peut rendre votre ordinateur plus vuln\u00e9rable aux menaces en ligne.<\/li>\n\n\n\n<li>Il est indispensable de renforcer la protection pour un usage prolong\u00e9.<\/li>\n<\/ul>\n\n\n\n<p>\ud83d\udc49 Pour cela, je peux vous accompagner en vous conseillant l\u2019<strong>achat d\u2019un antivirus reconnu (version payante)<\/strong> et en m\u2019occupant de son <strong>installation et configuration compl\u00e8te<\/strong>.<\/p>\n\n\n\n<p>\u26a0\ufe0f Cet accompagnement est un <strong>service payant<\/strong>, qui vous permet de continuer \u00e0 profiter de votre ordinateur Windows 10 en toute s\u00e9r\u00e9nit\u00e9, tout en limitant les risques li\u00e9s \u00e0 l\u2019absence de mises \u00e0 jour officielles.<\/p>\n","protected":false},"excerpt":{"rendered":"<p>Certains d\u2019entre vous sont satisfaits de leur ordinateur actuel sous Windows 10, qui reste suffisamment rapide et r\u00e9pond encore \u00e0 vos besoins quotidiens. M\u00eame apr\u00e8s l\u2019arr\u00eat du support de Windows 10 en octobre 2025, il sera possible de continuer \u00e0 l\u2019utiliser. Cependant, il est important de garder \u00e0 l\u2019esprit que : \ud83d\udc49 Pour cela, je [&hellip;]<\/p>\n","protected":false},"author":1,"featured_media":0,"parent":1533,"menu_order":0,"comment_status":"closed","ping_status":"closed","template":"","meta":{"footnotes":""},"yoast_head":"<!-- This site is optimized with the Yoast SEO plugin v21.6 - https:\/\/yoast.com\/wordpress\/plugins\/seo\/ -->\n<title>Continuer avec Windows 10 apr\u00e8s octobre 2025 - R Numerique<\/title>\n<meta name=\"robots\" content=\"index, follow, max-snippet:-1, max-image-preview:large, max-video-preview:-1\" \/>\n<link rel=\"canonical\" href=\"https:\/\/www.rnumerique.fr\/index.php\/conseils\/continuer-avec-windows-10-apres-octobre-2025\/\" \/>\n<meta property=\"og:locale\" content=\"fr_FR\" \/>\n<meta property=\"og:type\" content=\"article\" \/>\n<meta property=\"og:title\" content=\"Continuer avec Windows 10 apr\u00e8s octobre 2025 - R Numerique\" \/>\n<meta property=\"og:description\" content=\"Certains d\u2019entre vous sont satisfaits de leur ordinateur actuel sous Windows 10, qui reste suffisamment rapide et r\u00e9pond encore \u00e0 vos besoins quotidiens. M\u00eame apr\u00e8s l\u2019arr\u00eat du support de Windows 10 en octobre 2025, il sera possible de continuer \u00e0 l\u2019utiliser. Cependant, il est important de garder \u00e0 l\u2019esprit que : \ud83d\udc49 Pour cela, je [&hellip;]\" \/>\n<meta property=\"og:url\" content=\"https:\/\/www.rnumerique.fr\/index.php\/conseils\/continuer-avec-windows-10-apres-octobre-2025\/\" \/>\n<meta property=\"og:site_name\" content=\"R Numerique\" \/>\n<meta property=\"article:modified_time\" content=\"2025-08-20T01:19:48+00:00\" \/>\n<meta name=\"twitter:card\" content=\"summary_large_image\" \/>\n<meta name=\"twitter:label1\" content=\"Dur\u00e9e de lecture estim\u00e9e\" \/>\n\t<meta name=\"twitter:data1\" content=\"1 minute\" \/>\n<script type=\"application\/ld+json\" class=\"yoast-schema-graph\">{\"@context\":\"https:\/\/schema.org\",\"@graph\":[{\"@type\":\"WebPage\",\"@id\":\"https:\/\/www.rnumerique.fr\/index.php\/conseils\/continuer-avec-windows-10-apres-octobre-2025\/\",\"url\":\"https:\/\/www.rnumerique.fr\/index.php\/conseils\/continuer-avec-windows-10-apres-octobre-2025\/\",\"name\":\"Continuer avec Windows 10 apr\u00e8s octobre 2025 - R Numerique\",\"isPartOf\":{\"@id\":\"https:\/\/www.rnumerique.fr\/#website\"},\"datePublished\":\"2025-08-20T01:19:47+00:00\",\"dateModified\":\"2025-08-20T01:19:48+00:00\",\"breadcrumb\":{\"@id\":\"https:\/\/www.rnumerique.fr\/index.php\/conseils\/continuer-avec-windows-10-apres-octobre-2025\/#breadcrumb\"},\"inLanguage\":\"fr-FR\",\"potentialAction\":[{\"@type\":\"ReadAction\",\"target\":[\"https:\/\/www.rnumerique.fr\/index.php\/conseils\/continuer-avec-windows-10-apres-octobre-2025\/\"]}]},{\"@type\":\"BreadcrumbList\",\"@id\":\"https:\/\/www.rnumerique.fr\/index.php\/conseils\/continuer-avec-windows-10-apres-octobre-2025\/#breadcrumb\",\"itemListElement\":[{\"@type\":\"ListItem\",\"position\":1,\"name\":\"Home\",\"item\":\"https:\/\/www.rnumerique.fr\/\"},{\"@type\":\"ListItem\",\"position\":2,\"name\":\"Conseils\",\"item\":\"https:\/\/www.rnumerique.fr\/index.php\/conseils\/\"},{\"@type\":\"ListItem\",\"position\":3,\"name\":\"Continuer avec Windows 10 apr\u00e8s octobre 2025\"}]},{\"@type\":\"WebSite\",\"@id\":\"https:\/\/www.rnumerique.fr\/#website\",\"url\":\"https:\/\/www.rnumerique.fr\/\",\"name\":\"R Numerique\",\"description\":\"R\u00e9paration Ordinateur Valence\",\"potentialAction\":[{\"@type\":\"SearchAction\",\"target\":{\"@type\":\"EntryPoint\",\"urlTemplate\":\"https:\/\/www.rnumerique.fr\/?s={search_term_string}\"},\"query-input\":\"required name=search_term_string\"}],\"inLanguage\":\"fr-FR\"}]}<\/script>\n<!-- \/ Yoast SEO plugin. -->","yoast_head_json":{"title":"Continuer avec Windows 10 apr\u00e8s octobre 2025 - R Numerique","robots":{"index":"index","follow":"follow","max-snippet":"max-snippet:-1","max-image-preview":"max-image-preview:large","max-video-preview":"max-video-preview:-1"},"canonical":"https:\/\/www.rnumerique.fr\/index.php\/conseils\/continuer-avec-windows-10-apres-octobre-2025\/","og_locale":"fr_FR","og_type":"article","og_title":"Continuer avec Windows 10 apr\u00e8s octobre 2025 - R Numerique","og_description":"Certains d\u2019entre vous sont satisfaits de leur ordinateur actuel sous Windows 10, qui reste suffisamment rapide et r\u00e9pond encore \u00e0 vos besoins quotidiens. M\u00eame apr\u00e8s l\u2019arr\u00eat du support de Windows 10 en octobre 2025, il sera possible de continuer \u00e0 l\u2019utiliser. Cependant, il est important de garder \u00e0 l\u2019esprit que : \ud83d\udc49 Pour cela, je [&hellip;]","og_url":"https:\/\/www.rnumerique.fr\/index.php\/conseils\/continuer-avec-windows-10-apres-octobre-2025\/","og_site_name":"R Numerique","article_modified_time":"2025-08-20T01:19:48+00:00","twitter_card":"summary_large_image","twitter_misc":{"Dur\u00e9e de lecture estim\u00e9e":"1 minute"},"schema":{"@context":"https:\/\/schema.org","@graph":[{"@type":"WebPage","@id":"https:\/\/www.rnumerique.fr\/index.php\/conseils\/continuer-avec-windows-10-apres-octobre-2025\/","url":"https:\/\/www.rnumerique.fr\/index.php\/conseils\/continuer-avec-windows-10-apres-octobre-2025\/","name":"Continuer avec Windows 10 apr\u00e8s octobre 2025 - R Numerique","isPartOf":{"@id":"https:\/\/www.rnumerique.fr\/#website"},"datePublished":"2025-08-20T01:19:47+00:00","dateModified":"2025-08-20T01:19:48+00:00","breadcrumb":{"@id":"https:\/\/www.rnumerique.fr\/index.php\/conseils\/continuer-avec-windows-10-apres-octobre-2025\/#breadcrumb"},"inLanguage":"fr-FR","potentialAction":[{"@type":"ReadAction","target":["https:\/\/www.rnumerique.fr\/index.php\/conseils\/continuer-avec-windows-10-apres-octobre-2025\/"]}]},{"@type":"BreadcrumbList","@id":"https:\/\/www.rnumerique.fr\/index.php\/conseils\/continuer-avec-windows-10-apres-octobre-2025\/#breadcrumb","itemListElement":[{"@type":"ListItem","position":1,"name":"Home","item":"https:\/\/www.rnumerique.fr\/"},{"@type":"ListItem","position":2,"name":"Conseils","item":"https:\/\/www.rnumerique.fr\/index.php\/conseils\/"},{"@type":"ListItem","position":3,"name":"Continuer avec Windows 10 apr\u00e8s octobre 2025"}]},{"@type":"WebSite","@id":"https:\/\/www.rnumerique.fr\/#website","url":"https:\/\/www.rnumerique.fr\/","name":"R Numerique","description":"R\u00e9paration Ordinateur Valence","potentialAction":[{"@type":"SearchAction","target":{"@type":"EntryPoint","urlTemplate":"https:\/\/www.rnumerique.fr\/?s={search_term_string}"},"query-input":"required name=search_term_string"}],"inLanguage":"fr-FR"}]}},"_links":{"self":[{"href":"https:\/\/www.rnumerique.fr\/index.php\/wp-json\/wp\/v2\/pages\/1669"}],"collection":[{"href":"https:\/\/www.rnumerique.fr\/index.php\/wp-json\/wp\/v2\/pages"}],"about":[{"href":"https:\/\/www.rnumerique.fr\/index.php\/wp-json\/wp\/v2\/types\/page"}],"author":[{"embeddable":true,"href":"https:\/\/www.rnumerique.fr\/index.php\/wp-json\/wp\/v2\/users\/1"}],"replies":[{"embeddable":true,"href":"https:\/\/www.rnumerique.fr\/index.php\/wp-json\/wp\/v2\/comments?post=1669"}],"version-history":[{"count":1,"href":"https:\/\/www.rnumerique.fr\/index.php\/wp-json\/wp\/v2\/pages\/1669\/revisions"}],"predecessor-version":[{"id":1670,"href":"https:\/\/www.rnumerique.fr\/index.php\/wp-json\/wp\/v2\/pages\/1669\/revisions\/1670"}],"up":[{"embeddable":true,"href":"https:\/\/www.rnumerique.fr\/index.php\/wp-json\/wp\/v2\/pages\/1533"}],"wp:attachment":[{"href":"https:\/\/www.rnumerique.fr\/index.php\/wp-json\/wp\/v2\/media?parent=1669"}],"curies":[{"name":"wp","href":"https:\/\/api.w.org\/{rel}","templated":true}]}}