{"id":1671,"date":"2025-08-20T03:21:42","date_gmt":"2025-08-20T01:21:42","guid":{"rendered":"https:\/\/www.rnumerique.fr\/?page_id=1671"},"modified":"2025-08-20T03:21:43","modified_gmt":"2025-08-20T01:21:43","slug":"ordinateurs-anciens-et-non-compatibles-avec-windows-11","status":"publish","type":"page","link":"https:\/\/www.rnumerique.fr\/index.php\/conseils\/ordinateurs-anciens-et-non-compatibles-avec-windows-11\/","title":{"rendered":"Ordinateurs anciens et non compatibles avec Windows 11"},"content":{"rendered":"\n<p>De plus en plus de personnes me consultent avec des ordinateurs qui ont <strong>10 ans ou plus<\/strong>. Ces appareils, souvent non compatibles avec Windows 11, arrivent malheureusement en fin de vie.<\/p>\n\n\n\n<p>M\u00eame si l\u2019on peut parfois prolonger un peu leur utilisation, il faut garder en t\u00eate que :<\/p>\n\n\n\n<ul>\n<li>Ils deviennent <strong>obsol\u00e8tes<\/strong> face aux besoins actuels (s\u00e9curit\u00e9, rapidit\u00e9, compatibilit\u00e9 logiciels).<\/li>\n\n\n\n<li>Investir dans des r\u00e9parations ou des mises \u00e0 niveau co\u00fbte souvent plus cher que la valeur r\u00e9elle de la machine.<\/li>\n\n\n\n<li>L\u2019ordinateur peut vite devenir une source de frustration au quotidien.<\/li>\n<\/ul>\n\n\n\n<p>Dans ces situations, la solution la plus raisonnable est g\u00e9n\u00e9ralement d\u2019<strong>envisager le remplacement de l\u2019appareil<\/strong>.<\/p>\n\n\n\n<p>\ud83d\udc49 Je peux vous accompagner dans cette d\u00e9marche :<\/p>\n\n\n\n<ul>\n<li>j\u2019analyse vos besoins,<\/li>\n\n\n\n<li>je vous aide \u00e0 s\u00e9lectionner l\u2019ordinateur adapt\u00e9 \u00e0 votre usage,<\/li>\n\n\n\n<li>je vous conseille pour un achat judicieux et durable.<\/li>\n<\/ul>\n\n\n\n<p>\u26a0\ufe0f Cet accompagnement est un <strong>service payant<\/strong>, qui vous permet d\u2019\u00e9viter les mauvaises surprises et de faire le bon choix d\u00e8s le d\u00e9part.<\/p>\n","protected":false},"excerpt":{"rendered":"<p>De plus en plus de personnes me consultent avec des ordinateurs qui ont 10 ans ou plus. Ces appareils, souvent non compatibles avec Windows 11, arrivent malheureusement en fin de vie. M\u00eame si l\u2019on peut parfois prolonger un peu leur utilisation, il faut garder en t\u00eate que : Dans ces situations, la solution la plus [&hellip;]<\/p>\n","protected":false},"author":1,"featured_media":0,"parent":1533,"menu_order":0,"comment_status":"closed","ping_status":"closed","template":"","meta":{"footnotes":""},"yoast_head":"<!-- This site is optimized with the Yoast SEO plugin v21.6 - https:\/\/yoast.com\/wordpress\/plugins\/seo\/ -->\n<title>Ordinateurs anciens et non compatibles avec Windows 11 - R Numerique<\/title>\n<meta name=\"robots\" content=\"index, follow, max-snippet:-1, max-image-preview:large, max-video-preview:-1\" \/>\n<link rel=\"canonical\" href=\"https:\/\/www.rnumerique.fr\/index.php\/conseils\/ordinateurs-anciens-et-non-compatibles-avec-windows-11\/\" \/>\n<meta property=\"og:locale\" content=\"fr_FR\" \/>\n<meta property=\"og:type\" content=\"article\" \/>\n<meta property=\"og:title\" content=\"Ordinateurs anciens et non compatibles avec Windows 11 - R Numerique\" \/>\n<meta property=\"og:description\" content=\"De plus en plus de personnes me consultent avec des ordinateurs qui ont 10 ans ou plus. Ces appareils, souvent non compatibles avec Windows 11, arrivent malheureusement en fin de vie. M\u00eame si l\u2019on peut parfois prolonger un peu leur utilisation, il faut garder en t\u00eate que : Dans ces situations, la solution la plus [&hellip;]\" \/>\n<meta property=\"og:url\" content=\"https:\/\/www.rnumerique.fr\/index.php\/conseils\/ordinateurs-anciens-et-non-compatibles-avec-windows-11\/\" \/>\n<meta property=\"og:site_name\" content=\"R Numerique\" \/>\n<meta property=\"article:modified_time\" content=\"2025-08-20T01:21:43+00:00\" \/>\n<meta name=\"twitter:card\" content=\"summary_large_image\" \/>\n<meta name=\"twitter:label1\" content=\"Dur\u00e9e de lecture estim\u00e9e\" \/>\n\t<meta name=\"twitter:data1\" content=\"1 minute\" \/>\n<script type=\"application\/ld+json\" class=\"yoast-schema-graph\">{\"@context\":\"https:\/\/schema.org\",\"@graph\":[{\"@type\":\"WebPage\",\"@id\":\"https:\/\/www.rnumerique.fr\/index.php\/conseils\/ordinateurs-anciens-et-non-compatibles-avec-windows-11\/\",\"url\":\"https:\/\/www.rnumerique.fr\/index.php\/conseils\/ordinateurs-anciens-et-non-compatibles-avec-windows-11\/\",\"name\":\"Ordinateurs anciens et non compatibles avec Windows 11 - R Numerique\",\"isPartOf\":{\"@id\":\"https:\/\/www.rnumerique.fr\/#website\"},\"datePublished\":\"2025-08-20T01:21:42+00:00\",\"dateModified\":\"2025-08-20T01:21:43+00:00\",\"breadcrumb\":{\"@id\":\"https:\/\/www.rnumerique.fr\/index.php\/conseils\/ordinateurs-anciens-et-non-compatibles-avec-windows-11\/#breadcrumb\"},\"inLanguage\":\"fr-FR\",\"potentialAction\":[{\"@type\":\"ReadAction\",\"target\":[\"https:\/\/www.rnumerique.fr\/index.php\/conseils\/ordinateurs-anciens-et-non-compatibles-avec-windows-11\/\"]}]},{\"@type\":\"BreadcrumbList\",\"@id\":\"https:\/\/www.rnumerique.fr\/index.php\/conseils\/ordinateurs-anciens-et-non-compatibles-avec-windows-11\/#breadcrumb\",\"itemListElement\":[{\"@type\":\"ListItem\",\"position\":1,\"name\":\"Home\",\"item\":\"https:\/\/www.rnumerique.fr\/\"},{\"@type\":\"ListItem\",\"position\":2,\"name\":\"Conseils\",\"item\":\"https:\/\/www.rnumerique.fr\/index.php\/conseils\/\"},{\"@type\":\"ListItem\",\"position\":3,\"name\":\"Ordinateurs anciens et non compatibles avec Windows 11\"}]},{\"@type\":\"WebSite\",\"@id\":\"https:\/\/www.rnumerique.fr\/#website\",\"url\":\"https:\/\/www.rnumerique.fr\/\",\"name\":\"R Numerique\",\"description\":\"R\u00e9paration Ordinateur Valence\",\"potentialAction\":[{\"@type\":\"SearchAction\",\"target\":{\"@type\":\"EntryPoint\",\"urlTemplate\":\"https:\/\/www.rnumerique.fr\/?s={search_term_string}\"},\"query-input\":\"required name=search_term_string\"}],\"inLanguage\":\"fr-FR\"}]}<\/script>\n<!-- \/ Yoast SEO plugin. -->","yoast_head_json":{"title":"Ordinateurs anciens et non compatibles avec Windows 11 - R Numerique","robots":{"index":"index","follow":"follow","max-snippet":"max-snippet:-1","max-image-preview":"max-image-preview:large","max-video-preview":"max-video-preview:-1"},"canonical":"https:\/\/www.rnumerique.fr\/index.php\/conseils\/ordinateurs-anciens-et-non-compatibles-avec-windows-11\/","og_locale":"fr_FR","og_type":"article","og_title":"Ordinateurs anciens et non compatibles avec Windows 11 - R Numerique","og_description":"De plus en plus de personnes me consultent avec des ordinateurs qui ont 10 ans ou plus. Ces appareils, souvent non compatibles avec Windows 11, arrivent malheureusement en fin de vie. M\u00eame si l\u2019on peut parfois prolonger un peu leur utilisation, il faut garder en t\u00eate que : Dans ces situations, la solution la plus [&hellip;]","og_url":"https:\/\/www.rnumerique.fr\/index.php\/conseils\/ordinateurs-anciens-et-non-compatibles-avec-windows-11\/","og_site_name":"R Numerique","article_modified_time":"2025-08-20T01:21:43+00:00","twitter_card":"summary_large_image","twitter_misc":{"Dur\u00e9e de lecture estim\u00e9e":"1 minute"},"schema":{"@context":"https:\/\/schema.org","@graph":[{"@type":"WebPage","@id":"https:\/\/www.rnumerique.fr\/index.php\/conseils\/ordinateurs-anciens-et-non-compatibles-avec-windows-11\/","url":"https:\/\/www.rnumerique.fr\/index.php\/conseils\/ordinateurs-anciens-et-non-compatibles-avec-windows-11\/","name":"Ordinateurs anciens et non compatibles avec Windows 11 - R Numerique","isPartOf":{"@id":"https:\/\/www.rnumerique.fr\/#website"},"datePublished":"2025-08-20T01:21:42+00:00","dateModified":"2025-08-20T01:21:43+00:00","breadcrumb":{"@id":"https:\/\/www.rnumerique.fr\/index.php\/conseils\/ordinateurs-anciens-et-non-compatibles-avec-windows-11\/#breadcrumb"},"inLanguage":"fr-FR","potentialAction":[{"@type":"ReadAction","target":["https:\/\/www.rnumerique.fr\/index.php\/conseils\/ordinateurs-anciens-et-non-compatibles-avec-windows-11\/"]}]},{"@type":"BreadcrumbList","@id":"https:\/\/www.rnumerique.fr\/index.php\/conseils\/ordinateurs-anciens-et-non-compatibles-avec-windows-11\/#breadcrumb","itemListElement":[{"@type":"ListItem","position":1,"name":"Home","item":"https:\/\/www.rnumerique.fr\/"},{"@type":"ListItem","position":2,"name":"Conseils","item":"https:\/\/www.rnumerique.fr\/index.php\/conseils\/"},{"@type":"ListItem","position":3,"name":"Ordinateurs anciens et non compatibles avec Windows 11"}]},{"@type":"WebSite","@id":"https:\/\/www.rnumerique.fr\/#website","url":"https:\/\/www.rnumerique.fr\/","name":"R Numerique","description":"R\u00e9paration Ordinateur Valence","potentialAction":[{"@type":"SearchAction","target":{"@type":"EntryPoint","urlTemplate":"https:\/\/www.rnumerique.fr\/?s={search_term_string}"},"query-input":"required name=search_term_string"}],"inLanguage":"fr-FR"}]}},"_links":{"self":[{"href":"https:\/\/www.rnumerique.fr\/index.php\/wp-json\/wp\/v2\/pages\/1671"}],"collection":[{"href":"https:\/\/www.rnumerique.fr\/index.php\/wp-json\/wp\/v2\/pages"}],"about":[{"href":"https:\/\/www.rnumerique.fr\/index.php\/wp-json\/wp\/v2\/types\/page"}],"author":[{"embeddable":true,"href":"https:\/\/www.rnumerique.fr\/index.php\/wp-json\/wp\/v2\/users\/1"}],"replies":[{"embeddable":true,"href":"https:\/\/www.rnumerique.fr\/index.php\/wp-json\/wp\/v2\/comments?post=1671"}],"version-history":[{"count":1,"href":"https:\/\/www.rnumerique.fr\/index.php\/wp-json\/wp\/v2\/pages\/1671\/revisions"}],"predecessor-version":[{"id":1672,"href":"https:\/\/www.rnumerique.fr\/index.php\/wp-json\/wp\/v2\/pages\/1671\/revisions\/1672"}],"up":[{"embeddable":true,"href":"https:\/\/www.rnumerique.fr\/index.php\/wp-json\/wp\/v2\/pages\/1533"}],"wp:attachment":[{"href":"https:\/\/www.rnumerique.fr\/index.php\/wp-json\/wp\/v2\/media?parent=1671"}],"curies":[{"name":"wp","href":"https:\/\/api.w.org\/{rel}","templated":true}]}}