{"id":1686,"date":"2025-08-20T03:45:31","date_gmt":"2025-08-20T01:45:31","guid":{"rendered":"https:\/\/www.rnumerique.fr\/?page_id=1686"},"modified":"2025-08-20T03:45:32","modified_gmt":"2025-08-20T01:45:32","slug":"imprimantes-anciennes-et-non-rentables-a-reparer","status":"publish","type":"page","link":"https:\/\/www.rnumerique.fr\/index.php\/conseils\/imprimantes-anciennes-et-non-rentables-a-reparer\/","title":{"rendered":"Imprimantes anciennes et non rentables \u00e0 r\u00e9parer"},"content":{"rendered":"\n<p>De plus en plus de personnes me contactent avec des <strong>imprimantes de plusieurs ann\u00e9es<\/strong> qui rencontrent des pannes ou des probl\u00e8mes de compatibilit\u00e9. Malheureusement, dans beaucoup de cas, leur r\u00e9paration n\u2019est pas r\u00e9aliste.<\/p>\n\n\n\n<p>En effet :<\/p>\n\n\n\n<ul>\n<li>Les pi\u00e8ces de rechange deviennent rares, voire introuvables.<\/li>\n\n\n\n<li>Le co\u00fbt d\u2019une r\u00e9paration d\u00e9passe souvent le prix d\u2019une imprimante neuve.<\/li>\n\n\n\n<li>Les anciennes imprimantes consomment g\u00e9n\u00e9ralement plus d\u2019encre, sont plus lentes et moins fiables.<\/li>\n<\/ul>\n\n\n\n<p>Dans ces situations, il est souvent plus judicieux d\u2019<strong>envisager le remplacement de l\u2019imprimante<\/strong> plut\u00f4t que d\u2019investir dans des frais inutiles.<\/p>\n\n\n\n<p>\ud83d\udc49 Je peux vous accompagner dans ce choix :<\/p>\n\n\n\n<ul>\n<li>je prends en compte votre usage r\u00e9el (documents, photos, besoins professionnels, multifonction, etc.),<\/li>\n\n\n\n<li>je vous oriente vers une imprimante adapt\u00e9e, fiable et \u00e9conomique \u00e0 l\u2019usage,<\/li>\n\n\n\n<li>je vous \u00e9vite des d\u00e9penses inutiles et des mod\u00e8les peu durables.<\/li>\n<\/ul>\n\n\n\n<p>\u26a0\ufe0f Cet accompagnement est propos\u00e9 comme un <strong>service payant<\/strong>, pour vous assurer de faire le bon achat, adapt\u00e9 \u00e0 vos besoins et votre budget.<\/p>\n","protected":false},"excerpt":{"rendered":"<p>De plus en plus de personnes me contactent avec des imprimantes de plusieurs ann\u00e9es qui rencontrent des pannes ou des probl\u00e8mes de compatibilit\u00e9. Malheureusement, dans beaucoup de cas, leur r\u00e9paration n\u2019est pas r\u00e9aliste. En effet : Dans ces situations, il est souvent plus judicieux d\u2019envisager le remplacement de l\u2019imprimante plut\u00f4t que d\u2019investir dans des frais [&hellip;]<\/p>\n","protected":false},"author":1,"featured_media":0,"parent":1533,"menu_order":0,"comment_status":"closed","ping_status":"closed","template":"","meta":{"footnotes":""},"yoast_head":"<!-- This site is optimized with the Yoast SEO plugin v21.6 - https:\/\/yoast.com\/wordpress\/plugins\/seo\/ -->\n<title>Imprimantes anciennes et non rentables \u00e0 r\u00e9parer - R Numerique<\/title>\n<meta name=\"robots\" content=\"index, follow, max-snippet:-1, max-image-preview:large, max-video-preview:-1\" \/>\n<link rel=\"canonical\" href=\"https:\/\/www.rnumerique.fr\/index.php\/conseils\/imprimantes-anciennes-et-non-rentables-a-reparer\/\" \/>\n<meta property=\"og:locale\" content=\"fr_FR\" \/>\n<meta property=\"og:type\" content=\"article\" \/>\n<meta property=\"og:title\" content=\"Imprimantes anciennes et non rentables \u00e0 r\u00e9parer - R Numerique\" \/>\n<meta property=\"og:description\" content=\"De plus en plus de personnes me contactent avec des imprimantes de plusieurs ann\u00e9es qui rencontrent des pannes ou des probl\u00e8mes de compatibilit\u00e9. Malheureusement, dans beaucoup de cas, leur r\u00e9paration n\u2019est pas r\u00e9aliste. En effet : Dans ces situations, il est souvent plus judicieux d\u2019envisager le remplacement de l\u2019imprimante plut\u00f4t que d\u2019investir dans des frais [&hellip;]\" \/>\n<meta property=\"og:url\" content=\"https:\/\/www.rnumerique.fr\/index.php\/conseils\/imprimantes-anciennes-et-non-rentables-a-reparer\/\" \/>\n<meta property=\"og:site_name\" content=\"R Numerique\" \/>\n<meta property=\"article:modified_time\" content=\"2025-08-20T01:45:32+00:00\" \/>\n<meta name=\"twitter:card\" content=\"summary_large_image\" \/>\n<meta name=\"twitter:label1\" content=\"Dur\u00e9e de lecture estim\u00e9e\" \/>\n\t<meta name=\"twitter:data1\" content=\"1 minute\" \/>\n<script type=\"application\/ld+json\" class=\"yoast-schema-graph\">{\"@context\":\"https:\/\/schema.org\",\"@graph\":[{\"@type\":\"WebPage\",\"@id\":\"https:\/\/www.rnumerique.fr\/index.php\/conseils\/imprimantes-anciennes-et-non-rentables-a-reparer\/\",\"url\":\"https:\/\/www.rnumerique.fr\/index.php\/conseils\/imprimantes-anciennes-et-non-rentables-a-reparer\/\",\"name\":\"Imprimantes anciennes et non rentables \u00e0 r\u00e9parer - R Numerique\",\"isPartOf\":{\"@id\":\"https:\/\/www.rnumerique.fr\/#website\"},\"datePublished\":\"2025-08-20T01:45:31+00:00\",\"dateModified\":\"2025-08-20T01:45:32+00:00\",\"breadcrumb\":{\"@id\":\"https:\/\/www.rnumerique.fr\/index.php\/conseils\/imprimantes-anciennes-et-non-rentables-a-reparer\/#breadcrumb\"},\"inLanguage\":\"fr-FR\",\"potentialAction\":[{\"@type\":\"ReadAction\",\"target\":[\"https:\/\/www.rnumerique.fr\/index.php\/conseils\/imprimantes-anciennes-et-non-rentables-a-reparer\/\"]}]},{\"@type\":\"BreadcrumbList\",\"@id\":\"https:\/\/www.rnumerique.fr\/index.php\/conseils\/imprimantes-anciennes-et-non-rentables-a-reparer\/#breadcrumb\",\"itemListElement\":[{\"@type\":\"ListItem\",\"position\":1,\"name\":\"Home\",\"item\":\"https:\/\/www.rnumerique.fr\/\"},{\"@type\":\"ListItem\",\"position\":2,\"name\":\"Conseils\",\"item\":\"https:\/\/www.rnumerique.fr\/index.php\/conseils\/\"},{\"@type\":\"ListItem\",\"position\":3,\"name\":\"Imprimantes anciennes et non rentables \u00e0 r\u00e9parer\"}]},{\"@type\":\"WebSite\",\"@id\":\"https:\/\/www.rnumerique.fr\/#website\",\"url\":\"https:\/\/www.rnumerique.fr\/\",\"name\":\"R Numerique\",\"description\":\"R\u00e9paration Ordinateur Valence\",\"potentialAction\":[{\"@type\":\"SearchAction\",\"target\":{\"@type\":\"EntryPoint\",\"urlTemplate\":\"https:\/\/www.rnumerique.fr\/?s={search_term_string}\"},\"query-input\":\"required name=search_term_string\"}],\"inLanguage\":\"fr-FR\"}]}<\/script>\n<!-- \/ Yoast SEO plugin. -->","yoast_head_json":{"title":"Imprimantes anciennes et non rentables \u00e0 r\u00e9parer - R Numerique","robots":{"index":"index","follow":"follow","max-snippet":"max-snippet:-1","max-image-preview":"max-image-preview:large","max-video-preview":"max-video-preview:-1"},"canonical":"https:\/\/www.rnumerique.fr\/index.php\/conseils\/imprimantes-anciennes-et-non-rentables-a-reparer\/","og_locale":"fr_FR","og_type":"article","og_title":"Imprimantes anciennes et non rentables \u00e0 r\u00e9parer - R Numerique","og_description":"De plus en plus de personnes me contactent avec des imprimantes de plusieurs ann\u00e9es qui rencontrent des pannes ou des probl\u00e8mes de compatibilit\u00e9. Malheureusement, dans beaucoup de cas, leur r\u00e9paration n\u2019est pas r\u00e9aliste. En effet : Dans ces situations, il est souvent plus judicieux d\u2019envisager le remplacement de l\u2019imprimante plut\u00f4t que d\u2019investir dans des frais [&hellip;]","og_url":"https:\/\/www.rnumerique.fr\/index.php\/conseils\/imprimantes-anciennes-et-non-rentables-a-reparer\/","og_site_name":"R Numerique","article_modified_time":"2025-08-20T01:45:32+00:00","twitter_card":"summary_large_image","twitter_misc":{"Dur\u00e9e de lecture estim\u00e9e":"1 minute"},"schema":{"@context":"https:\/\/schema.org","@graph":[{"@type":"WebPage","@id":"https:\/\/www.rnumerique.fr\/index.php\/conseils\/imprimantes-anciennes-et-non-rentables-a-reparer\/","url":"https:\/\/www.rnumerique.fr\/index.php\/conseils\/imprimantes-anciennes-et-non-rentables-a-reparer\/","name":"Imprimantes anciennes et non rentables \u00e0 r\u00e9parer - R Numerique","isPartOf":{"@id":"https:\/\/www.rnumerique.fr\/#website"},"datePublished":"2025-08-20T01:45:31+00:00","dateModified":"2025-08-20T01:45:32+00:00","breadcrumb":{"@id":"https:\/\/www.rnumerique.fr\/index.php\/conseils\/imprimantes-anciennes-et-non-rentables-a-reparer\/#breadcrumb"},"inLanguage":"fr-FR","potentialAction":[{"@type":"ReadAction","target":["https:\/\/www.rnumerique.fr\/index.php\/conseils\/imprimantes-anciennes-et-non-rentables-a-reparer\/"]}]},{"@type":"BreadcrumbList","@id":"https:\/\/www.rnumerique.fr\/index.php\/conseils\/imprimantes-anciennes-et-non-rentables-a-reparer\/#breadcrumb","itemListElement":[{"@type":"ListItem","position":1,"name":"Home","item":"https:\/\/www.rnumerique.fr\/"},{"@type":"ListItem","position":2,"name":"Conseils","item":"https:\/\/www.rnumerique.fr\/index.php\/conseils\/"},{"@type":"ListItem","position":3,"name":"Imprimantes anciennes et non rentables \u00e0 r\u00e9parer"}]},{"@type":"WebSite","@id":"https:\/\/www.rnumerique.fr\/#website","url":"https:\/\/www.rnumerique.fr\/","name":"R Numerique","description":"R\u00e9paration Ordinateur Valence","potentialAction":[{"@type":"SearchAction","target":{"@type":"EntryPoint","urlTemplate":"https:\/\/www.rnumerique.fr\/?s={search_term_string}"},"query-input":"required name=search_term_string"}],"inLanguage":"fr-FR"}]}},"_links":{"self":[{"href":"https:\/\/www.rnumerique.fr\/index.php\/wp-json\/wp\/v2\/pages\/1686"}],"collection":[{"href":"https:\/\/www.rnumerique.fr\/index.php\/wp-json\/wp\/v2\/pages"}],"about":[{"href":"https:\/\/www.rnumerique.fr\/index.php\/wp-json\/wp\/v2\/types\/page"}],"author":[{"embeddable":true,"href":"https:\/\/www.rnumerique.fr\/index.php\/wp-json\/wp\/v2\/users\/1"}],"replies":[{"embeddable":true,"href":"https:\/\/www.rnumerique.fr\/index.php\/wp-json\/wp\/v2\/comments?post=1686"}],"version-history":[{"count":1,"href":"https:\/\/www.rnumerique.fr\/index.php\/wp-json\/wp\/v2\/pages\/1686\/revisions"}],"predecessor-version":[{"id":1687,"href":"https:\/\/www.rnumerique.fr\/index.php\/wp-json\/wp\/v2\/pages\/1686\/revisions\/1687"}],"up":[{"embeddable":true,"href":"https:\/\/www.rnumerique.fr\/index.php\/wp-json\/wp\/v2\/pages\/1533"}],"wp:attachment":[{"href":"https:\/\/www.rnumerique.fr\/index.php\/wp-json\/wp\/v2\/media?parent=1686"}],"curies":[{"name":"wp","href":"https:\/\/api.w.org\/{rel}","templated":true}]}}